{"id":5943,"date":"2025-07-17T09:19:07","date_gmt":"2025-07-17T07:19:07","guid":{"rendered":"https:\/\/ethik.geschichte.med.blogs.ruhr-uni-bochum.de\/teaching-3\/"},"modified":"2025-07-17T09:20:16","modified_gmt":"2025-07-17T07:20:16","slug":"teaching","status":"publish","type":"page","link":"https:\/\/ethik.geschichte.med.blogs.ruhr-uni-bochum.de\/en\/teaching\/","title":{"rendered":"Teaching"},"content":{"rendered":"\n<h2 class=\"wp-block-heading\">TEACHING<\/h2>\n\n<p>The Institute for Medical Ethics and History of Medicine is responsible for <strong>compulsory teaching<\/strong> in the subject areas of <strong>medical terminology<\/strong>, <strong>history of medicine and ethics in medicine<\/strong> at the Ruhr University Bochum and at the University of Duisburg-Essen. Around 500 students are taught here each term. <\/p>\n\n<p>At the <strong>Ruhr-University Bochum<\/strong> we also offer additional courses in <strong>summer term 2025<\/strong>. The language of teaching is German.<\/p>\n\n<p>The notices for these events can be found on the bulletin board of the Dean of Studies Office of the RUB Medical Faculty on the Internet: <a href=\"https:\/\/medizinstudium.ruhr-uni-bochum.de\/medidek\/infoszumstudium\/schwarzesbrett\/Index.cfm\">https:\/\/medizinstudium.ruhr-uni-bochum.de\/medidek\/infoszumstudium\/schwarzesbrett\/Index.cfm<\/a><\/p>\n\n<h2 class=\"wp-block-heading\">Elective courses<\/h2>\n\n<figure class=\"wp-block-table custom-table-253\" style=\"line-height:1.2\"><table><tbody><tr><td>200028<\/td><td>Aufkl\u00e4rung und Einwilligung leicht gemacht: Einwilligungsf\u00e4higkeit und Entscheidungsassistenz in der klinischen Praxis<br\/>1 SWS, Wahlfach f\u00fcr den 1. und 2. Studienabschnitt  <br\/><a href=\"https:\/\/medizinstudium.ruhr-uni-bochum.de\/medidek\/infoszumstudium\/schwarzesbrett\/Index.cfm\" target=\"_blank\" rel=\"noreferrer noopener\">siehe Aushan<\/a>g<\/td><td>Hempeler,<br\/>Scholten, <br\/>Vollmann<\/td><\/tr><tr><td>201038<\/td><td>Ethik der Reproduktionsmedizin<br\/>1 SWS, Wahlfach f\u00fcr den 1. und 2. Studienabschnitt  <br\/><a href=\"https:\/\/medizinstudium.ruhr-uni-bochum.de\/medidek\/infoszumstudium\/schwarzesbrett\/Index.cfm\" target=\"_blank\" rel=\"noreferrer noopener\">siehe Aushan<\/a>g<\/td><td>Hempeler,<br\/>Scholten,<br\/>Vollmann<\/td><\/tr><tr><td>201041<\/td><td>Ethik in der Psychiatrie<br\/>1 SWS, Wahlfach f\u00fcr den 1. und 2. Studienabschnitt  <br\/><a href=\"https:\/\/medizinstudium.ruhr-uni-bochum.de\/medidek\/infoszumstudium\/schwarzesbrett\/Index.cfm\" target=\"_blank\" rel=\"noreferrer noopener\">siehe Aushan<\/a>g<\/td><td>Gather,<br\/>Hempeler,<br\/>Scholten,<br\/>Vollmann<\/td><\/tr><tr><td>203312<\/td><td>Aktuelle Forschungsfragen bei ethischen Fragen in der Psychiatrie<br\/>1 SWS, Wahlfach f\u00fcr den 1. und 2. Studienabschnitt  <br\/><a href=\"https:\/\/medizinstudium.ruhr-uni-bochum.de\/medidek\/infoszumstudium\/schwarzesbrett\/Index.cfm\" target=\"_blank\" rel=\"noreferrer noopener\">siehe Aushan<\/a>g<\/td><td>Scholten,<br\/>Vollmann<\/td><\/tr><tr><td>203314<\/td><td>Philosophische Grundlagen von medizinethischen Fragen am Anfang und Ende des Lebens: Kantische Ethik, Konsequentialismus und Tugendethik<br\/>1 SWS, Wahlfach f\u00fcr den 1. und 2. Studienabschnitt  <br\/><a href=\"https:\/\/medizinstudium.ruhr-uni-bochum.de\/medidek\/infoszumstudium\/schwarzesbrett\/Index.cfm\" target=\"_blank\" rel=\"noreferrer noopener\">siehe Aushan<\/a>g<\/td><td>Scholten,<br\/>Vollmann<\/td><\/tr><\/tbody><\/table><\/figure>\n\n<figure class=\"wp-block-table custom-table-253\" style=\"line-height:1.2\"><table><tbody><tr><td>201021<\/td><td><strong>Vorlesung:<\/strong> Die Naturwissenschaften in der Antike<br\/>2 SWS, Mo 16:00-18:00 Uhr, MABF 01\/599 (HS-Alte Pathologie)<br\/>Wahlfach f\u00fcr Studierende des vorklinischen und klinischen Studienabschnitts sowie des Optionalbereichs und der Junge Uni RUB.<br\/>Anmeldung unter: <a href=\"mailto:christian.schulze@rub.de\">christian.schulze@rub.de<\/a><\/td><td>Schulze<\/td><\/tr><\/tbody><\/table><\/figure>\n\n<h2 class=\"wp-block-heading\">Further courses<\/h2>\n\n<figure class=\"wp-block-table custom-table-253\" style=\"line-height:1.2\"><table><tbody><tr><td>201022<\/td><td>Doktorandenkolloquium: Geschichte der Medizin<br\/>2 SWS, n.V.<\/td><td>Schulz, Schulze<\/td><\/tr><tr><td>201025<\/td><td>Demonstrationen an ausgew\u00e4hlten Objekten der Medizinhistorischen Sammlung<br\/>2 SWS, n.V.<\/td><td>Schulz, Wei\u00df<\/td><\/tr><tr><td>201026<\/td><td>Forschungskolloquium Ethik und Geschichte der Medizin<br\/>2 SWS, Mo 18.15-19.45 Uhr, Malakowturm, Markstr. 258a <\/td><td>Vollmann<\/td><\/tr><tr><td>201027<\/td><td>Journal Club: Aktuelle Publikationen aus dem Bereich der Medizinethik<\/td><td>Vollmann<\/td><\/tr><tr><td>201028<\/td><td>Doktorandenkolloquium: Medizinische Ethik<br\/>2SWS, n.V.<\/td><td>Vollmann<\/td><\/tr><tr><td>201033<\/td><td>Klinische Ethikberatung<br\/>n.V.<\/td><td>Vollmann<\/td><\/tr><tr><td>201039<\/td><td>International Lunchtime Seminar &#8211; Medical Ethics<br\/>1 SWS, Mi. 12.00-13.00 Uhr, Malakowturm, Markstr. 258a  <br\/><a href=\"https:\/\/medizinstudium.ruhr-uni-bochum.de\/medidek\/infoszumstudium\/schwarzesbrett\/Index.cfm\" target=\"_blank\" rel=\"noreferrer noopener\">siehe Aushang<\/a><\/td><td>Vollmann<\/td><\/tr><tr><td>203306<\/td><td>Irreversibler Hirnfunktionsausfall und Organspende<br\/>Interdisziplin\u00e4res Seminar f\u00fcr alle klinischen Semester, nach Ank\u00fcndigung, Universit\u00e4tsklinikum Knappschaftskrankenhaus Bochum<br\/>0,5 SWS, weitere Informationen und Anmeldung unter: lehrkoordination@kk-bochum.de<\/td><td>Vollmann, <br\/>Dozent(inn)en der<br\/>Medizinischen<br\/>Fakult\u00e4t<\/td><\/tr><\/tbody><\/table><\/figure>\n\n<p><\/p>\n\n<p><\/p>\n\n<p><\/p>\n\n<div style=\"height:50px\" aria-hidden=\"true\" class=\"wp-block-spacer\"><\/div>\n","protected":false},"excerpt":{"rendered":"<p>TEACHING The Institute for Medical Ethics and History of Medicine is responsible for compulsory teaching in the subject areas of medical terminology, history of medicine and ethics in medicine at the Ruhr University Bochum and at the University of Duisburg-Essen. Around 500 students are taught here each term. At the Ruhr-University Bochum we also offer [&hellip;]<\/p>\n","protected":false},"author":21,"featured_media":0,"parent":0,"menu_order":0,"comment_status":"closed","ping_status":"closed","template":"","meta":{"_eb_attr":"","advgb_blocks_editor_width":"","advgb_blocks_columns_visual_guide":"","site-sidebar-layout":"default","site-content-layout":"","ast-site-content-layout":"default","site-content-style":"default","site-sidebar-style":"default","ast-global-header-display":"","ast-banner-title-visibility":"","ast-main-header-display":"","ast-hfb-above-header-display":"","ast-hfb-below-header-display":"","ast-hfb-mobile-header-display":"","site-post-title":"disabled","ast-breadcrumbs-content":"","ast-featured-img":"","footer-sml-layout":"","ast-disable-related-posts":"","theme-transparent-header-meta":"","adv-header-id-meta":"","stick-header-meta":"","header-above-stick-meta":"","header-main-stick-meta":"","header-below-stick-meta":"","astra-migrate-meta-layouts":"default","ast-page-background-enabled":"default","ast-page-background-meta":{"desktop":{"background-color":"var(--ast-global-color-4)","background-image":"","background-repeat":"repeat","background-position":"center center","background-size":"auto","background-attachment":"scroll","background-type":"","background-media":"","overlay-type":"","overlay-color":"","overlay-opacity":"","overlay-gradient":""},"tablet":{"background-color":"","background-image":"","background-repeat":"repeat","background-position":"center center","background-size":"auto","background-attachment":"scroll","background-type":"","background-media":"","overlay-type":"","overlay-color":"","overlay-opacity":"","overlay-gradient":""},"mobile":{"background-color":"","background-image":"","background-repeat":"repeat","background-position":"center center","background-size":"auto","background-attachment":"scroll","background-type":"","background-media":"","overlay-type":"","overlay-color":"","overlay-opacity":"","overlay-gradient":""}},"ast-content-background-meta":{"desktop":{"background-color":"var(--ast-global-color-5)","background-image":"","background-repeat":"repeat","background-position":"center center","background-size":"auto","background-attachment":"scroll","background-type":"","background-media":"","overlay-type":"","overlay-color":"","overlay-opacity":"","overlay-gradient":""},"tablet":{"background-color":"var(--ast-global-color-5)","background-image":"","background-repeat":"repeat","background-position":"center center","background-size":"auto","background-attachment":"scroll","background-type":"","background-media":"","overlay-type":"","overlay-color":"","overlay-opacity":"","overlay-gradient":""},"mobile":{"background-color":"var(--ast-global-color-5)","background-image":"","background-repeat":"repeat","background-position":"center center","background-size":"auto","background-attachment":"scroll","background-type":"","background-media":"","overlay-type":"","overlay-color":"","overlay-opacity":"","overlay-gradient":""}},"footnotes":""},"class_list":["post-5943","page","type-page","status-publish","hentry"],"coauthors":[],"author_meta":{"author_link":"https:\/\/ethik.geschichte.med.blogs.ruhr-uni-bochum.de\/en\/author\/stefanie-happelrub-de\/","display_name":"Stefanie Happel"},"relative_dates":{"created":"Posted 10 months ago","modified":"Updated 10 months ago"},"absolute_dates":{"created":"Posted on 17. July 2025","modified":"Updated on 17. July 2025"},"absolute_dates_time":{"created":"Posted on 17. July 2025 9:19","modified":"Updated on 17. July 2025 9:20"},"featured_img_caption":"","featured_img":false,"series_order":"","_links":{"self":[{"href":"https:\/\/ethik.geschichte.med.blogs.ruhr-uni-bochum.de\/en\/wp-json\/wp\/v2\/pages\/5943","targetHints":{"allow":["GET"]}}],"collection":[{"href":"https:\/\/ethik.geschichte.med.blogs.ruhr-uni-bochum.de\/en\/wp-json\/wp\/v2\/pages"}],"about":[{"href":"https:\/\/ethik.geschichte.med.blogs.ruhr-uni-bochum.de\/en\/wp-json\/wp\/v2\/types\/page"}],"author":[{"embeddable":true,"href":"https:\/\/ethik.geschichte.med.blogs.ruhr-uni-bochum.de\/en\/wp-json\/wp\/v2\/users\/21"}],"replies":[{"embeddable":true,"href":"https:\/\/ethik.geschichte.med.blogs.ruhr-uni-bochum.de\/en\/wp-json\/wp\/v2\/comments?post=5943"}],"version-history":[{"count":1,"href":"https:\/\/ethik.geschichte.med.blogs.ruhr-uni-bochum.de\/en\/wp-json\/wp\/v2\/pages\/5943\/revisions"}],"predecessor-version":[{"id":5944,"href":"https:\/\/ethik.geschichte.med.blogs.ruhr-uni-bochum.de\/en\/wp-json\/wp\/v2\/pages\/5943\/revisions\/5944"}],"wp:attachment":[{"href":"https:\/\/ethik.geschichte.med.blogs.ruhr-uni-bochum.de\/en\/wp-json\/wp\/v2\/media?parent=5943"}],"curies":[{"name":"wp","href":"https:\/\/api.w.org\/{rel}","templated":true}]}}