{"id":3781,"date":"2023-02-13T09:52:41","date_gmt":"2023-02-13T08:52:41","guid":{"rendered":"https:\/\/ethik.geschichte.med.blogs.ruhr-uni-bochum.de\/legal-notice\/"},"modified":"2023-02-13T09:52:42","modified_gmt":"2023-02-13T08:52:42","slug":"legal-notice","status":"publish","type":"page","link":"https:\/\/ethik.geschichte.med.blogs.ruhr-uni-bochum.de\/en\/legal-notice\/","title":{"rendered":"Legal notice"},"content":{"rendered":"\n<p>Ruhr-University Bochum<br\/>Institute for Medical Ethics and History of Medicine<br\/>Markstra\u00dfe 258a<br\/>44799 Bochum<br\/>Phone: +49 (0)234 32-23394<br\/>E-Mail: <a href=\"mailto:ethik.geschichte.medizin@ruhr-uni-bochum.de\" data-type=\"mailto\">ethik.geschichte.medizin@ruhr-uni-bochum.de<\/a><\/p>\n\n<p>Ruhr-Universit\u00e4t Bochum is a statutory corporation according to German law (K\u00f6rperschaft des \u00d6ffentlichen Rechts). It is legally represented by its Rector, Prof. Dr. Martin Paul. Competent supervisory authority: Ministry for Innovation, Science and Research in the Federal State of North Rhine-Westphalia, V\u00f6lklinger Strasse 49, 40221 D\u00fcsseldorf<\/p>\n\n<p>VAT ID: DE 127 056 261<\/p>\n\n<p>Disclaimer: Ruhr-Universit\u00e4t Bochum does not accept any liability or responsibility of the up-to-dateness, correctness and completeness of the information provided on its Internet pages. The same applies to the contents of external links.<\/p>\n\n<p>Reporting misuse: Please report any misuse, including illegal content and links, issuing from workstations or web pages from an IP-address or web presence within the ruhr-uni-bochum.de domain by Email to:\u00a0<a href=\"mailto:abuse@ruhr-uni-bochum.de\">abuse@ruhr-uni-bochum.de<\/a>. Likewise, the Ruhr-Universit\u00e4t requests notification to the same email address if illegal content can be reached through links on Ruhr-Universit\u00e4t pages.<\/p>\n\n<p>All content published on the Ruhr-Universit\u00e4t Bochum website (layout, text, images, graphics, etc.) is subject to copyright.<\/p>\n\n<p>Responsible for the website according to \u00a7 55 para. 2 RStV is\u00a0<strong>Prof. Dr. Dr. Jochen Vollmann<\/strong>. Adresse wie oben beschrieben.<\/p>\n\n<div style=\"height:50px\" aria-hidden=\"true\" class=\"wp-block-spacer\"><\/div>\n","protected":false},"excerpt":{"rendered":"<p>Ruhr-University BochumInstitute for Medical Ethics and History of MedicineMarkstra\u00dfe 258a44799 BochumPhone: +49 (0)234 32-23394E-Mail: ethik.geschichte.medizin@ruhr-uni-bochum.de Ruhr-Universit\u00e4t Bochum is a statutory corporation according to German law (K\u00f6rperschaft des \u00d6ffentlichen Rechts). It is legally represented by its Rector, Prof. Dr. Martin Paul. Competent supervisory authority: Ministry for Innovation, Science and Research in the Federal State of North [&hellip;]<\/p>\n","protected":false},"author":7,"featured_media":0,"parent":0,"menu_order":0,"comment_status":"closed","ping_status":"closed","template":"","meta":{"_eb_attr":"","advgb_blocks_editor_width":"","advgb_blocks_columns_visual_guide":"","site-sidebar-layout":"default","site-content-layout":"","ast-site-content-layout":"default","site-content-style":"default","site-sidebar-style":"default","ast-global-header-display":"","ast-banner-title-visibility":"","ast-main-header-display":"","ast-hfb-above-header-display":"","ast-hfb-below-header-display":"","ast-hfb-mobile-header-display":"","site-post-title":"","ast-breadcrumbs-content":"","ast-featured-img":"","footer-sml-layout":"","ast-disable-related-posts":"","theme-transparent-header-meta":"","adv-header-id-meta":"","stick-header-meta":"","header-above-stick-meta":"","header-main-stick-meta":"","header-below-stick-meta":"","astra-migrate-meta-layouts":"default","ast-page-background-enabled":"default","ast-page-background-meta":{"desktop":{"background-color":"var(--ast-global-color-4)","background-image":"","background-repeat":"repeat","background-position":"center center","background-size":"auto","background-attachment":"scroll","background-type":"","background-media":"","overlay-type":"","overlay-color":"","overlay-opacity":"","overlay-gradient":""},"tablet":{"background-color":"","background-image":"","background-repeat":"repeat","background-position":"center center","background-size":"auto","background-attachment":"scroll","background-type":"","background-media":"","overlay-type":"","overlay-color":"","overlay-opacity":"","overlay-gradient":""},"mobile":{"background-color":"","background-image":"","background-repeat":"repeat","background-position":"center center","background-size":"auto","background-attachment":"scroll","background-type":"","background-media":"","overlay-type":"","overlay-color":"","overlay-opacity":"","overlay-gradient":""}},"ast-content-background-meta":{"desktop":{"background-color":"var(--ast-global-color-5)","background-image":"","background-repeat":"repeat","background-position":"center center","background-size":"auto","background-attachment":"scroll","background-type":"","background-media":"","overlay-type":"","overlay-color":"","overlay-opacity":"","overlay-gradient":""},"tablet":{"background-color":"var(--ast-global-color-5)","background-image":"","background-repeat":"repeat","background-position":"center center","background-size":"auto","background-attachment":"scroll","background-type":"","background-media":"","overlay-type":"","overlay-color":"","overlay-opacity":"","overlay-gradient":""},"mobile":{"background-color":"var(--ast-global-color-5)","background-image":"","background-repeat":"repeat","background-position":"center center","background-size":"auto","background-attachment":"scroll","background-type":"","background-media":"","overlay-type":"","overlay-color":"","overlay-opacity":"","overlay-gradient":""}},"footnotes":""},"class_list":["post-3781","page","type-page","status-publish","hentry"],"coauthors":[],"author_meta":{"author_link":"https:\/\/ethik.geschichte.med.blogs.ruhr-uni-bochum.de\/en\/author\/feschnei\/","display_name":"Felix Schneider"},"relative_dates":{"created":"Posted 3 years ago","modified":"Updated 3 years ago"},"absolute_dates":{"created":"Posted on 13. February 2023","modified":"Updated on 13. February 2023"},"absolute_dates_time":{"created":"Posted on 13. February 2023 9:52","modified":"Updated on 13. February 2023 9:52"},"featured_img_caption":"","featured_img":false,"series_order":"","_links":{"self":[{"href":"https:\/\/ethik.geschichte.med.blogs.ruhr-uni-bochum.de\/en\/wp-json\/wp\/v2\/pages\/3781","targetHints":{"allow":["GET"]}}],"collection":[{"href":"https:\/\/ethik.geschichte.med.blogs.ruhr-uni-bochum.de\/en\/wp-json\/wp\/v2\/pages"}],"about":[{"href":"https:\/\/ethik.geschichte.med.blogs.ruhr-uni-bochum.de\/en\/wp-json\/wp\/v2\/types\/page"}],"author":[{"embeddable":true,"href":"https:\/\/ethik.geschichte.med.blogs.ruhr-uni-bochum.de\/en\/wp-json\/wp\/v2\/users\/7"}],"replies":[{"embeddable":true,"href":"https:\/\/ethik.geschichte.med.blogs.ruhr-uni-bochum.de\/en\/wp-json\/wp\/v2\/comments?post=3781"}],"version-history":[{"count":1,"href":"https:\/\/ethik.geschichte.med.blogs.ruhr-uni-bochum.de\/en\/wp-json\/wp\/v2\/pages\/3781\/revisions"}],"predecessor-version":[{"id":3782,"href":"https:\/\/ethik.geschichte.med.blogs.ruhr-uni-bochum.de\/en\/wp-json\/wp\/v2\/pages\/3781\/revisions\/3782"}],"wp:attachment":[{"href":"https:\/\/ethik.geschichte.med.blogs.ruhr-uni-bochum.de\/en\/wp-json\/wp\/v2\/media?parent=3781"}],"curies":[{"name":"wp","href":"https:\/\/api.w.org\/{rel}","templated":true}]}}