{"id":3776,"date":"2023-02-13T09:18:31","date_gmt":"2023-02-13T08:18:31","guid":{"rendered":"https:\/\/ethik.geschichte.med.blogs.ruhr-uni-bochum.de\/fellows\/"},"modified":"2026-05-13T14:24:20","modified_gmt":"2026-05-13T12:24:20","slug":"fellows","status":"publish","type":"page","link":"https:\/\/ethik.geschichte.med.blogs.ruhr-uni-bochum.de\/en\/fellows\/","title":{"rendered":"Fellows"},"content":{"rendered":"\n<h2 class=\"wp-block-heading\">INTERNATIONAL FELLOWS<\/h2>\n\n<ul class=\"wp-block-list\">\n<li>William O\u00b4Shea, Department of Philosophy, York University, Toronto, Canada, 2025<\/li>\n\n\n\n<li>Pacifico Eric Eusebio Calderon, MD MBEth MEd, Department of Professionalism, Medical Ethics, and Humanities, St. Lukes Medical Center College of Medicine, Quezon City, Philippines, 2024<\/li>\n\n\n\n<li>Maria Isabel Tamayo Velazquez, Andalusian School of Public Health, Granada, Spain, 2023<\/li>\n\n\n\n<li>Sevda Karimova, PhD (c), Aserbaidschan, 2023<\/li>\n\n\n\n<li>Marie Nicolini, MD, PhD, KU Leuven Center for Biomedical Ethics and Law, Leuven, Belgium, 2022<\/li>\n\n\n\n<li>Ji Young Lee, PhD, Department of Public Health, University of Copenhagen, Denmark, 2022<\/li>\n\n\n\n<li>Special fellowship programme: Help for colleagues from Ukraine, 2022<\/li>\n\n\n\n<li>Dr. Anjan Kumar Das, Taylor\u2019s University, Malaysia, 2019<\/li>\n\n\n\n<li>Dr. Maria Aluas, Cluj-Napoca, Romania, 2018<\/li>\n\n\n\n<li>Laura van Melle, M.Sc., VU University Medical Centre Amsterdam, Netherlands, 2018<\/li>\n\n\n\n<li>Dr. Maria \u00c0ngels Porxas Ruig, University of Girona, Spain, 2017<\/li>\n\n\n\n<li>Giovanni Spitale, M.A., University of Padova, Italy, 2017<\/li>\n\n\n\n<li>Sonya M. S. Azab, M.B.B.CH, MSc, Ph.D., Department of Forensic Medicine and Toxicology, Faculty of Medicine, Ain Shams University, Egypt, 2016<\/li>\n\n\n\n<li>Cornelius Ewuoso, M.SC., M.A., Centre for Applied Ethics, Department of Philosophy, Stellenbosch University, Matieland, South Africa, 2015<\/li>\n\n\n\n<li>Laura Hartman, M.A., VU University Medical Center Amsterdam, The Netherlands, 2015<\/li>\n\n\n\n<li>Ganna Hubenko, Department of Psychology, Pedagogy and Philosophy \u2013 Kremenchuk National University, Ukraine, 2015<\/li>\n\n\n\n<li>Ivana Zagorac PhD, Faculty of Humanities and Social Sciences, University of Zagreb, Croatia, 2014 \u2013 2015<\/li>\n\n\n\n<li>Jaromir Matejek, MD, Ph.D.,Th.D, Charles University Prague, Czech Republic, 2014<\/li>\n\n\n\n<li>Dr. Benedict Faneye, OP, M.DIV., PH.L, DHCE, University of Ibadan, Nigeria and DOMUNI, Spain, Nigeria, 2014<\/li>\n\n\n\n<li>Dr. Agnieszka Malicka, University of Wroclawiu (Breslau), Poland, 2014<\/li>\n\n\n\n<li>Cynthia Forlini, PhD, Unit\u00e9 de recherche en neuro\u00e9thique, Institut de recherches cliniques de Montr\u00e9al, Montr\u00e9al, Canada, 2013<\/li>\n\n\n\n<li>Dr. Ruth Horn, The Ethox Centre, University of Oxford, Great Britain, 2013<\/li>\n\n\n\n<li>Dr. med. Joaqu\u00edn Barutta, University of Buenos Aires, Argentina, 2012 \u2013 2014<\/li>\n\n\n\n<li>Petronela Craciun, M.D., Gr. T. Popa University of Medicine and Pharmacy \u201cGr. T. Popa\u201d Iasi, Romania, 2012 \u2013 2013 <\/li>\n\n\n\n<li>Flavio D\u2019Abramo, M.A., University of Roma, Italy, 2012 \u2013 2013<\/li>\n\n\n\n<li>Dr. Adrian M. Viens, Southampton Law School, University of Southampton, Great Britain, 2011 \u2013 2014<\/li>\n<\/ul>\n\n<div style=\"height:100px\" aria-hidden=\"true\" class=\"wp-block-spacer\"><\/div>\n","protected":false},"excerpt":{"rendered":"<p>INTERNATIONAL FELLOWS<\/p>\n","protected":false},"author":7,"featured_media":0,"parent":0,"menu_order":0,"comment_status":"closed","ping_status":"closed","template":"","meta":{"_eb_attr":"","advgb_blocks_editor_width":"","advgb_blocks_columns_visual_guide":"","site-sidebar-layout":"default","site-content-layout":"","ast-site-content-layout":"default","site-content-style":"default","site-sidebar-style":"default","ast-global-header-display":"","ast-banner-title-visibility":"","ast-main-header-display":"","ast-hfb-above-header-display":"","ast-hfb-below-header-display":"","ast-hfb-mobile-header-display":"","site-post-title":"disabled","ast-breadcrumbs-content":"","ast-featured-img":"","footer-sml-layout":"","ast-disable-related-posts":"","theme-transparent-header-meta":"","adv-header-id-meta":"","stick-header-meta":"","header-above-stick-meta":"","header-main-stick-meta":"","header-below-stick-meta":"","astra-migrate-meta-layouts":"default","ast-page-background-enabled":"default","ast-page-background-meta":{"desktop":{"background-color":"var(--ast-global-color-4)","background-image":"","background-repeat":"repeat","background-position":"center center","background-size":"auto","background-attachment":"scroll","background-type":"","background-media":"","overlay-type":"","overlay-color":"","overlay-opacity":"","overlay-gradient":""},"tablet":{"background-color":"","background-image":"","background-repeat":"repeat","background-position":"center center","background-size":"auto","background-attachment":"scroll","background-type":"","background-media":"","overlay-type":"","overlay-color":"","overlay-opacity":"","overlay-gradient":""},"mobile":{"background-color":"","background-image":"","background-repeat":"repeat","background-position":"center center","background-size":"auto","background-attachment":"scroll","background-type":"","background-media":"","overlay-type":"","overlay-color":"","overlay-opacity":"","overlay-gradient":""}},"ast-content-background-meta":{"desktop":{"background-color":"var(--ast-global-color-5)","background-image":"","background-repeat":"repeat","background-position":"center center","background-size":"auto","background-attachment":"scroll","background-type":"","background-media":"","overlay-type":"","overlay-color":"","overlay-opacity":"","overlay-gradient":""},"tablet":{"background-color":"var(--ast-global-color-5)","background-image":"","background-repeat":"repeat","background-position":"center center","background-size":"auto","background-attachment":"scroll","background-type":"","background-media":"","overlay-type":"","overlay-color":"","overlay-opacity":"","overlay-gradient":""},"mobile":{"background-color":"var(--ast-global-color-5)","background-image":"","background-repeat":"repeat","background-position":"center center","background-size":"auto","background-attachment":"scroll","background-type":"","background-media":"","overlay-type":"","overlay-color":"","overlay-opacity":"","overlay-gradient":""}},"footnotes":""},"class_list":["post-3776","page","type-page","status-publish","hentry"],"coauthors":[],"author_meta":{"author_link":"https:\/\/ethik.geschichte.med.blogs.ruhr-uni-bochum.de\/en\/author\/feschnei\/","display_name":"Felix Schneider"},"relative_dates":{"created":"Posted 3 years ago","modified":"Updated 2 hours ago"},"absolute_dates":{"created":"Posted on 13. February 2023","modified":"Updated on 13. May 2026"},"absolute_dates_time":{"created":"Posted on 13. February 2023 9:18","modified":"Updated on 13. May 2026 14:24"},"featured_img_caption":"","featured_img":false,"series_order":"","_links":{"self":[{"href":"https:\/\/ethik.geschichte.med.blogs.ruhr-uni-bochum.de\/en\/wp-json\/wp\/v2\/pages\/3776","targetHints":{"allow":["GET"]}}],"collection":[{"href":"https:\/\/ethik.geschichte.med.blogs.ruhr-uni-bochum.de\/en\/wp-json\/wp\/v2\/pages"}],"about":[{"href":"https:\/\/ethik.geschichte.med.blogs.ruhr-uni-bochum.de\/en\/wp-json\/wp\/v2\/types\/page"}],"author":[{"embeddable":true,"href":"https:\/\/ethik.geschichte.med.blogs.ruhr-uni-bochum.de\/en\/wp-json\/wp\/v2\/users\/7"}],"replies":[{"embeddable":true,"href":"https:\/\/ethik.geschichte.med.blogs.ruhr-uni-bochum.de\/en\/wp-json\/wp\/v2\/comments?post=3776"}],"version-history":[{"count":3,"href":"https:\/\/ethik.geschichte.med.blogs.ruhr-uni-bochum.de\/en\/wp-json\/wp\/v2\/pages\/3776\/revisions"}],"predecessor-version":[{"id":6207,"href":"https:\/\/ethik.geschichte.med.blogs.ruhr-uni-bochum.de\/en\/wp-json\/wp\/v2\/pages\/3776\/revisions\/6207"}],"wp:attachment":[{"href":"https:\/\/ethik.geschichte.med.blogs.ruhr-uni-bochum.de\/en\/wp-json\/wp\/v2\/media?parent=3776"}],"curies":[{"name":"wp","href":"https:\/\/api.w.org\/{rel}","templated":true}]}}